{"id":1800,"date":"2015-10-15T15:32:49","date_gmt":"2015-10-15T07:32:49","guid":{"rendered":"https:\/\/weisbruecke.com\/services\/"},"modified":"2020-06-05T01:54:19","modified_gmt":"2020-06-04T17:54:19","slug":"leistungen","status":"publish","type":"page","link":"https:\/\/weisbruecke.com\/de\/leistungen\/","title":{"rendered":"Leistungen"},"content":{"rendered":"<div  style='padding-bottom:0px; ' class='av-special-heading av-special-heading-h2  blockquote modern-quote modern-centered  avia-builder-el-0  el_before_av_hr  avia-builder-el-first  '><h2 class='av-special-heading-tag '  itemprop=\"headline\"  >Unsere Leistungen<\/h2><div class='special-heading-border'><div class='special-heading-inner-border' ><\/div><\/div><\/div>\n<div  style=' margin-top:5px; margin-bottom:50px;'  class='hr hr-custom hr-center hr-icon-no   avia-builder-el-1  el_after_av_heading  el_before_av_one_half '><span class='hr-inner   inner-border-av-border-fat' style=' width:60%; border-color:#126e02;' ><span class='hr-inner-style'><\/span><\/span><\/div>\n<div class=\"flex_column av_one_half  av-animated-generic bottom-to-top  flex_column_div av-zero-column-padding avia-link-column av-column-link avia-link-column-hover first  avia-builder-el-2  el_after_av_hr  el_before_av_one_half  \" style='border-radius:0px; ' data-link-column-url=\"https:\/\/weisbruecke.com\/de\/leistungen\/kationen-rueckgewinnung\/\" ><a class=\"av-screen-reader-only\" href=https:\/\/weisbruecke.com\/de\/leistungen\/kationen-rueckgewinnung\/ >Link zu:Kationen-R\u00fcckgewinnung<\/a><p><div  class='avia-image-container  av-styling-no-styling    avia-builder-el-3  el_before_av_heading  avia-builder-el-first  avia-align-center '  itemprop=\"image\" itemscope=\"itemscope\" itemtype=\"https:\/\/schema.org\/ImageObject\"  ><div class='avia-image-container-inner'><div class='avia-image-overlay-wrap'><img class='avia_image' src='https:\/\/weisbruecke.com\/wp-content\/uploads\/2019\/12\/DSCN3833-495x400.jpg' alt='' title='DSCN3833' height=\"400\" width=\"495\"  itemprop=\"thumbnailUrl\"  \/><\/div><\/div><\/div><br \/>\n<div  style='padding-bottom:0px; ' class='av-special-heading av-special-heading-h3  blockquote modern-quote  avia-builder-el-4  el_after_av_image  el_before_av_hr  '><h3 class='av-special-heading-tag '  itemprop=\"headline\"  >Kationen-R\u00fcckgewinnung<\/h3><div class='special-heading-border'><div class='special-heading-inner-border' ><\/div><\/div><\/div><br \/>\n<div  style=' margin-top:10px; margin-bottom:10px;'  class='hr hr-custom hr-left hr-icon-no   avia-builder-el-5  el_after_av_heading  el_before_av_textblock '><span class='hr-inner   inner-border-av-border-fat' style=' width:50px; border-color:#126e02;' ><span class='hr-inner-style'><\/span><\/span><\/div><br \/>\n<section class=\"av_textblock_section \"  itemscope=\"itemscope\" itemtype=\"https:\/\/schema.org\/CreativeWork\" ><div class='avia_textblock  '   itemprop=\"text\" ><p>R\u00fcckgewinnung von Edelmetallen &#8211; z.B. Pd, Au- und Schwermetallen -z.B. Cu, Ni- aus B\u00e4dern und Sp\u00fclw\u00e4ssern.<\/p>\n<\/div><\/section><\/p><\/div>\n<div class=\"flex_column av_one_half  av-animated-generic bottom-to-top  flex_column_div av-zero-column-padding avia-link-column av-column-link avia-link-column-hover   avia-builder-el-7  el_after_av_one_half  el_before_av_one_half  \" style='border-radius:0px; ' data-link-column-url=\"https:\/\/weisbruecke.com\/de\/leistungen\/prozessbadreinigung\/\" ><a class=\"av-screen-reader-only\" href=https:\/\/weisbruecke.com\/de\/leistungen\/prozessbadreinigung\/ >Link zu:Prozessbadreinigung<\/a><p><div  class='avia-image-container  av-styling-no-styling    avia-builder-el-8  el_before_av_heading  avia-builder-el-first  avia-align-center '  itemprop=\"image\" itemscope=\"itemscope\" itemtype=\"https:\/\/schema.org\/ImageObject\"  ><div class='avia-image-container-inner'><div class='avia-image-overlay-wrap'><img class='avia_image' src='https:\/\/weisbruecke.com\/wp-content\/uploads\/2019\/12\/Multifunktionsfilter_quadr-495x400.jpg' alt='' title='Multifunktionsfilter_quadr' height=\"400\" width=\"495\"  itemprop=\"thumbnailUrl\"  \/><\/div><\/div><\/div><br \/>\n<div  style='padding-bottom:0px; ' class='av-special-heading av-special-heading-h3  blockquote modern-quote  avia-builder-el-9  el_after_av_image  el_before_av_hr  '><h3 class='av-special-heading-tag '  itemprop=\"headline\"  >Prozessbad-Reinigung<\/h3><div class='special-heading-border'><div class='special-heading-inner-border' ><\/div><\/div><\/div><br \/>\n<div  style=' margin-top:10px; margin-bottom:10px;'  class='hr hr-custom hr-left hr-icon-no   avia-builder-el-10  el_after_av_heading  el_before_av_textblock '><span class='hr-inner   inner-border-av-border-fat' style=' width:50px; border-color:#126e02;' ><span class='hr-inner-style'><\/span><\/span><\/div><br \/>\n<section class=\"av_textblock_section \"  itemscope=\"itemscope\" itemtype=\"https:\/\/schema.org\/CreativeWork\" ><div class='avia_textblock  '   itemprop=\"text\" ><p>Entfernung von Partikeln und Nebenprodukten aus Prozessb\u00e4dern. Verbesserung der Badlebensdauer, stabile Badeeigenschaften, gleichbleibende Produktqualit\u00e4t, Verringerung von Nacharbeiten und\/oder Ausschu\u00df.<\/p>\n<\/div><\/section><\/p><\/div>\n<div class=\"flex_column av_one_half  av-animated-generic bottom-to-top  flex_column_div av-zero-column-padding avia-link-column av-column-link avia-link-column-hover first  avia-builder-el-12  el_after_av_one_half  el_before_av_one_half  column-top-margin\" style='border-radius:0px; ' data-link-column-url=\"https:\/\/weisbruecke.com\/de\/leistungen\/desmear-pth\/\" ><a class=\"av-screen-reader-only\" href=https:\/\/weisbruecke.com\/de\/leistungen\/desmear-pth\/ >Link zu:Desmear \/ PTH<\/a><p><div  class='avia-image-container  av-styling-no-styling    avia-builder-el-13  el_before_av_heading  avia-builder-el-first  avia-align-center '  itemprop=\"image\" itemscope=\"itemscope\" itemtype=\"https:\/\/schema.org\/ImageObject\"  ><div class='avia-image-container-inner'><div class='avia-image-overlay-wrap'><img class='avia_image' src='https:\/\/weisbruecke.com\/wp-content\/uploads\/2019\/12\/2-1-495x400.jpg' alt='' title='2' height=\"400\" width=\"495\"  itemprop=\"thumbnailUrl\"  \/><\/div><\/div><\/div><br \/>\n<div  style='padding-bottom:0px; ' class='av-special-heading av-special-heading-h3  blockquote modern-quote  avia-builder-el-14  el_after_av_image  el_before_av_hr  '><h3 class='av-special-heading-tag '  itemprop=\"headline\"  >Desmear \/ PTH<\/h3><div class='special-heading-border'><div class='special-heading-inner-border' ><\/div><\/div><\/div><br \/>\n<div  style=' margin-top:10px; margin-bottom:10px;'  class='hr hr-custom hr-left hr-icon-no   avia-builder-el-15  el_after_av_heading  el_before_av_textblock '><span class='hr-inner   inner-border-av-border-fat' style=' width:50px; border-color:#126e02;' ><span class='hr-inner-style'><\/span><\/span><\/div><br \/>\n<section class=\"av_textblock_section \"  itemscope=\"itemscope\" itemtype=\"https:\/\/schema.org\/CreativeWork\" ><div class='avia_textblock  '   itemprop=\"text\" ><p>Anpassung, Unterst\u00fctzung und Optimierung von Desmear- und PTH-Prozessen f\u00fcr die gesamte SAP- und HDI-Fertigung.<\/p>\n<\/div><\/section><\/p><\/div>\n<div class=\"flex_column av_one_half  av-animated-generic bottom-to-top  flex_column_div av-zero-column-padding avia-link-column av-column-link avia-link-column-hover   avia-builder-el-17  el_after_av_one_half  el_before_av_one_half  column-top-margin\" style='border-radius:0px; ' data-link-column-url=\"https:\/\/weisbruecke.com\/de\/leistungen\/produktionslinien\/\" ><a class=\"av-screen-reader-only\" href=https:\/\/weisbruecke.com\/de\/leistungen\/produktionslinien\/ >Link zu:Produktionslinien<\/a><p><div  class='avia-image-container  av-styling-no-styling    avia-builder-el-18  el_before_av_heading  avia-builder-el-first  avia-align-center '  itemprop=\"image\" itemscope=\"itemscope\" itemtype=\"https:\/\/schema.org\/ImageObject\"  ><div class='avia-image-container-inner'><div class='avia-image-overlay-wrap'><img class='avia_image' src='https:\/\/weisbruecke.com\/wp-content\/uploads\/2019\/12\/IMG_3372-495x400.jpg' alt='' title='IMG_3372' height=\"400\" width=\"495\"  itemprop=\"thumbnailUrl\"  \/><\/div><\/div><\/div><br \/>\n<div  style='padding-bottom:0px; ' class='av-special-heading av-special-heading-h3  blockquote modern-quote  avia-builder-el-19  el_after_av_image  el_before_av_hr  '><h3 class='av-special-heading-tag '  itemprop=\"headline\"  >Produktionslinien<\/h3><div class='special-heading-border'><div class='special-heading-inner-border' ><\/div><\/div><\/div><br \/>\n<div  style=' margin-top:10px; margin-bottom:10px;'  class='hr hr-custom hr-left hr-icon-no   avia-builder-el-20  el_after_av_heading  el_before_av_textblock '><span class='hr-inner   inner-border-av-border-fat' style=' width:50px; border-color:#126e02;' ><span class='hr-inner-style'><\/span><\/span><\/div><br \/>\n<section class=\"av_textblock_section \"  itemscope=\"itemscope\" itemtype=\"https:\/\/schema.org\/CreativeWork\" ><div class='avia_textblock  '   itemprop=\"text\" ><p>Komplette Produktionslinien f\u00fcr vertikale Anwendungen.<br \/>\nKonstruktion \/ Auslegung als Korb-, VCP- oder Rack-Linien.<br \/>\nOnline-Analysen, automatische Dosierung, Platten-Handhabung.<\/p>\n<\/div><\/section><\/p><\/div>\n<div class=\"flex_column av_one_half  av-animated-generic bottom-to-top  flex_column_div av-zero-column-padding avia-link-column av-column-link avia-link-column-hover first  avia-builder-el-22  el_after_av_one_half  el_before_av_one_half  column-top-margin\" style='border-radius:0px; ' data-link-column-url=\"https:\/\/weisbruecke.com\/services\/factory-4-0\/\" ><a class=\"av-screen-reader-only\" href=https:\/\/weisbruecke.com\/services\/factory-4-0\/ >Link zu:Factory 4.0<\/a><p><div  class='avia-image-container  av-styling-no-styling    avia-builder-el-23  el_before_av_heading  avia-builder-el-first  avia-align-center '  itemprop=\"image\" itemscope=\"itemscope\" itemtype=\"https:\/\/schema.org\/ImageObject\"  ><div class='avia-image-container-inner'><div class='avia-image-overlay-wrap'><a href='https:\/\/weisbruecke.com\/company\/' class='avia_image'  ><img class='avia_image ' src='https:\/\/weisbruecke.com\/wp-content\/uploads\/2020\/02\/science-in-hd-i4ABHj811N0-unsplash-495x400.jpg' alt='' title='science-in-hd-i4ABHj811N0-unsplash'  itemprop=\"thumbnailUrl\"  \/><\/a><\/div><\/div><\/div><br \/>\n<div  style='padding-bottom:0px; ' class='av-special-heading av-special-heading-h3  blockquote modern-quote  avia-builder-el-24  el_after_av_image  el_before_av_hr  '><h3 class='av-special-heading-tag '  itemprop=\"headline\"  >Fabrik 4.0<\/h3><div class='special-heading-border'><div class='special-heading-inner-border' ><\/div><\/div><\/div><br \/>\n<div  style=' margin-top:10px; margin-bottom:10px;'  class='hr hr-custom hr-left hr-icon-no   avia-builder-el-25  el_after_av_heading  el_before_av_textblock '><span class='hr-inner   inner-border-av-border-fat' style=' width:50px; border-color:#126e02;' ><span class='hr-inner-style'><\/span><\/span><\/div><br \/>\n<section class=\"av_textblock_section \"  itemscope=\"itemscope\" itemtype=\"https:\/\/schema.org\/CreativeWork\" ><div class='avia_textblock  '   itemprop=\"text\" ><p>Die 100%ig kontrollierte Fabrik. Anschluss Ihrer laufenden Software an ein Hauptbedienfeld. Vom einzelnen Besucher bis zum gesamten Supply Chain Management. Von der Fertigungssteuerung bis zur Wartung der Maschine.<\/p>\n<\/div><\/section><\/p><\/div>\n<div class=\"flex_column av_one_half  av-animated-generic bottom-to-top  flex_column_div av-zero-column-padding avia-link-column av-column-link avia-link-column-hover   avia-builder-el-27  el_after_av_one_half  el_before_av_one_half  column-top-margin\" style='border-radius:0px; ' data-link-column-url=\"https:\/\/weisbruecke.com\/services\/water-management\/\" ><a class=\"av-screen-reader-only\" href=https:\/\/weisbruecke.com\/services\/water-management\/ >Link zu:Water Management<\/a><p><div  class='avia-image-container  av-styling-no-styling    avia-builder-el-28  el_before_av_heading  avia-builder-el-first  avia-align-center '  itemprop=\"image\" itemscope=\"itemscope\" itemtype=\"https:\/\/schema.org\/ImageObject\"  ><div class='avia-image-container-inner'><div class='avia-image-overlay-wrap'><img class='avia_image' src='https:\/\/weisbruecke.com\/wp-content\/uploads\/2019\/12\/IMG_0204-495x400.jpg' alt='' title='IMG_0204' height=\"400\" width=\"495\"  itemprop=\"thumbnailUrl\"  \/><\/div><\/div><\/div><br \/>\n<div  style='padding-bottom:0px; ' class='av-special-heading av-special-heading-h3  blockquote modern-quote  avia-builder-el-29  el_after_av_image  el_before_av_hr  '><h3 class='av-special-heading-tag '  itemprop=\"headline\"  >Wasserhaushalt<\/h3><div class='special-heading-border'><div class='special-heading-inner-border' ><\/div><\/div><\/div><br \/>\n<div  style=' margin-top:10px; margin-bottom:10px;'  class='hr hr-custom hr-left hr-icon-no   avia-builder-el-30  el_after_av_heading  el_before_av_textblock '><span class='hr-inner   inner-border-av-border-fat' style=' width:50px; border-color:#126e02;' ><span class='hr-inner-style'><\/span><\/span><\/div><br \/>\n<section class=\"av_textblock_section \"  itemscope=\"itemscope\" itemtype=\"https:\/\/schema.org\/CreativeWork\" ><div class='avia_textblock  '   itemprop=\"text\" ><p>Reduzierung des Gesamtwasserverbrauchs, Optimierung der Wasserkreisl\u00e4ufe, Kreislaufwasser. Abwasservermeidung, Abwasserbehandlung.<\/p>\n<\/div><\/section><\/p><\/div>\n<div class=\"flex_column av_one_half  av-animated-generic bottom-to-top  flex_column_div av-zero-column-padding avia-link-column av-column-link avia-link-column-hover first  avia-builder-el-32  el_after_av_one_half  el_before_av_one_half  column-top-margin\" style='border-radius:0px; ' data-link-column-url=\"https:\/\/weisbruecke.com\/services\/six-sigma-lean\/\" ><a class=\"av-screen-reader-only\" href=https:\/\/weisbruecke.com\/services\/six-sigma-lean\/ >Link zu:Six Sigma \/ LEAN Management<\/a><p><div  class='avia-image-container  av-styling-no-styling    avia-builder-el-33  el_before_av_heading  avia-builder-el-first  avia-align-center '  itemprop=\"image\" itemscope=\"itemscope\" itemtype=\"https:\/\/schema.org\/ImageObject\"  ><div class='avia-image-container-inner'><div class='avia-image-overlay-wrap'><img class='avia_image' src='https:\/\/weisbruecke.com\/wp-content\/uploads\/2019\/12\/action-balls-black-and-white-illustration-60582-495x400.jpg' alt='' title='action-balls-black-and-white-illustration-60582' height=\"400\" width=\"495\"  itemprop=\"thumbnailUrl\"  \/><\/div><\/div><\/div><br \/>\n<div  style='padding-bottom:0px; ' class='av-special-heading av-special-heading-h3  blockquote modern-quote  avia-builder-el-34  el_after_av_image  el_before_av_hr  '><h3 class='av-special-heading-tag '  itemprop=\"headline\"  >Six Sigma \/ LEAN Management<\/h3><div class='special-heading-border'><div class='special-heading-inner-border' ><\/div><\/div><\/div><br \/>\n<div  style=' margin-top:10px; margin-bottom:10px;'  class='hr hr-custom hr-left hr-icon-no   avia-builder-el-35  el_after_av_heading  el_before_av_textblock '><span class='hr-inner   inner-border-av-border-fat' style=' width:50px; border-color:#126e02;' ><span class='hr-inner-style'><\/span><\/span><\/div><br \/>\n<section class=\"av_textblock_section \"  itemscope=\"itemscope\" itemtype=\"https:\/\/schema.org\/CreativeWork\" ><div class='avia_textblock  '   itemprop=\"text\" ><p>Wir helfen Ihren Spezialisten bei der Optimierung Ihrer Fertigungsstrukturen.<br \/>\nNach den Regeln von Six Sigma und LEAN Management.<\/p>\n<\/div><\/section><\/p><\/div>\n<div class=\"flex_column av_one_half  av-animated-generic bottom-to-top  flex_column_div av-zero-column-padding avia-link-column av-column-link avia-link-column-hover   avia-builder-el-37  el_after_av_one_half  el_before_av_one_half  column-top-margin\" style='border-radius:0px; ' data-link-column-url=\"https:\/\/weisbruecke.com\/services\/work-safety\/\" ><a class=\"av-screen-reader-only\" href=https:\/\/weisbruecke.com\/services\/work-safety\/ >Link zu:Work Safety<\/a><p><div  class='avia-image-container  av-styling-no-styling    avia-builder-el-38  el_before_av_heading  avia-builder-el-first  avia-align-center '  itemprop=\"image\" itemscope=\"itemscope\" itemtype=\"https:\/\/schema.org\/ImageObject\"  ><div class='avia-image-container-inner'><div class='avia-image-overlay-wrap'><img class='avia_image' src='https:\/\/weisbruecke.com\/wp-content\/uploads\/2019\/12\/chemist-1636375-Yerson-Retamal-from-Pixabay-495x400.jpg' alt='' title='chemist-1636375 Yerson Retamal from Pixabay' height=\"400\" width=\"495\"  itemprop=\"thumbnailUrl\"  \/><\/div><\/div><\/div><br \/>\n<div  style='padding-bottom:0px; ' class='av-special-heading av-special-heading-h3  blockquote modern-quote  avia-builder-el-39  el_after_av_image  el_before_av_hr  '><h3 class='av-special-heading-tag '  itemprop=\"headline\"  >Arbeitssicherheit<\/h3><div class='special-heading-border'><div class='special-heading-inner-border' ><\/div><\/div><\/div><br \/>\n<div  style=' margin-top:10px; margin-bottom:10px;'  class='hr hr-custom hr-left hr-icon-no   avia-builder-el-40  el_after_av_heading  el_before_av_textblock '><span class='hr-inner   inner-border-av-border-fat' style=' width:50px; border-color:#126e02;' ><span class='hr-inner-style'><\/span><\/span><\/div><br \/>\n<section class=\"av_textblock_section \"  itemscope=\"itemscope\" itemtype=\"https:\/\/schema.org\/CreativeWork\" ><div class='avia_textblock  '   itemprop=\"text\" ><p>Wir helfen Ihren Spezialisten bei der Optimierung der Arbeitssicherheit. Beratung und Schulung des gesamten Fabrikpersonals; von CEOs \u00fcber Management bis Mitarbeitende und Besucher.<\/p>\n<\/div><\/section><\/p><\/div>\n<div class=\"flex_column av_one_half  av-animated-generic bottom-to-top  flex_column_div av-zero-column-padding avia-link-column av-column-link avia-link-column-hover first  avia-builder-el-42  el_after_av_one_half  el_before_av_one_half  column-top-margin\" style='border-radius:0px; ' data-link-column-url=\"https:\/\/weisbruecke.com\/services\/products-made-in-germany\/\" ><a class=\"av-screen-reader-only\" href=https:\/\/weisbruecke.com\/services\/products-made-in-germany\/ >Link zu:Products Made in Germany<\/a><p><div  class='avia-image-container  av-styling-no-styling    avia-builder-el-43  el_before_av_heading  avia-builder-el-first  avia-align-center '  itemprop=\"image\" itemscope=\"itemscope\" itemtype=\"https:\/\/schema.org\/ImageObject\"  ><div class='avia-image-container-inner'><div class='avia-image-overlay-wrap'><img class='avia_image' src='https:\/\/weisbruecke.com\/wp-content\/uploads\/2019\/12\/german-1016362-Bild-von-RalfWieckhorst-auf-Pixabay-495x400.jpg' alt='' title='german-1016362 Bild von RalfWieckhorst auf Pixabay' height=\"400\" width=\"495\"  itemprop=\"thumbnailUrl\"  \/><\/div><\/div><\/div><br \/>\n<div  style='padding-bottom:0px; ' class='av-special-heading av-special-heading-h3  blockquote modern-quote  avia-builder-el-44  el_after_av_image  el_before_av_hr  '><h3 class='av-special-heading-tag '  itemprop=\"headline\"  >Produkte aus Deutschland<\/h3><div class='special-heading-border'><div class='special-heading-inner-border' ><\/div><\/div><\/div><br \/>\n<div  style=' margin-top:10px; margin-bottom:10px;'  class='hr hr-custom hr-left hr-icon-no   avia-builder-el-45  el_after_av_heading  el_before_av_textblock '><span class='hr-inner   inner-border-av-border-fat' style=' width:50px; border-color:#126e02;' ><span class='hr-inner-style'><\/span><\/span><\/div><br \/>\n<section class=\"av_textblock_section \"  itemscope=\"itemscope\" itemtype=\"https:\/\/schema.org\/CreativeWork\" ><div class='avia_textblock  '   itemprop=\"text\" ><p>M\u00f6chten Sie Austausch und Gesch\u00e4ft? Wir helfen Ihnen gerne mit einem umfangreichen Netzwerk und technischem Hintergrundwissen.<\/p>\n<\/div><\/section><\/p><\/div><div class=\"flex_column av_one_half  av-animated-generic bottom-to-top  flex_column_div av-zero-column-padding avia-link-column av-column-link avia-link-column-hover   avia-builder-el-47  el_after_av_one_half  el_before_av_hr  column-top-margin\" style='border-radius:0px; ' data-link-column-url=\"https:\/\/weisbruecke.com\/de\/leistungen\/verschiedenes\/\" ><a class=\"av-screen-reader-only\" href=https:\/\/weisbruecke.com\/de\/leistungen\/verschiedenes\/ >Link zu:Verschiedenes<\/a><p><div  class='avia-image-container  av-styling-no-styling    avia-builder-el-48  el_before_av_heading  avia-builder-el-first  avia-align-center '  itemprop=\"image\" itemscope=\"itemscope\" itemtype=\"https:\/\/schema.org\/ImageObject\"  ><div class='avia-image-container-inner'><div class='avia-image-overlay-wrap'><img class='avia_image' src='https:\/\/weisbruecke.com\/wp-content\/uploads\/2019\/12\/owl-50267-Chr\u00e4cker-Heller-from-Pixabay-495x400.jpg' alt='' title='owl-50267 Chr\u00e4cker Heller from Pixabay' height=\"400\" width=\"495\"  itemprop=\"thumbnailUrl\"  \/><\/div><\/div><\/div><br \/>\n<div  style='padding-bottom:0px; ' class='av-special-heading av-special-heading-h3  blockquote modern-quote  avia-builder-el-49  el_after_av_image  el_before_av_hr  '><h3 class='av-special-heading-tag '  itemprop=\"headline\"  >Verschiedenes<\/h3><div class='special-heading-border'><div class='special-heading-inner-border' ><\/div><\/div><\/div><br \/>\n<div  style=' margin-top:10px; margin-bottom:10px;'  class='hr hr-custom hr-left hr-icon-no   avia-builder-el-50  el_after_av_heading  el_before_av_textblock '><span class='hr-inner   inner-border-av-border-fat' style=' width:50px; border-color:#126e02;' ><span class='hr-inner-style'><\/span><\/span><\/div><br \/>\n<section class=\"av_textblock_section \"  itemscope=\"itemscope\" itemtype=\"https:\/\/schema.org\/CreativeWork\" ><div class='avia_textblock  '   itemprop=\"text\" ><p>Von uns f\u00fcr Sie: Informationen, Tipps &amp; Tricks, Links<\/p>\n<p>F\u00fcr Gesch\u00e4fts- und Freizeitzwecke.<\/p>\n<\/div><\/section><\/p><\/div><\/p>\n<div  style='height:50px' class='hr hr-invisible   avia-builder-el-52  el_after_av_one_half  avia-builder-el-last '><span class='hr-inner ' ><span class='hr-inner-style'><\/span><\/span><\/div>\n","protected":false},"excerpt":{"rendered":"","protected":false},"author":2,"featured_media":0,"parent":0,"menu_order":0,"comment_status":"closed","ping_status":"closed","template":"","meta":{"footnotes":""},"class_list":["post-1800","page","type-page","status-publish","hentry"],"_links":{"self":[{"href":"https:\/\/weisbruecke.com\/de\/wp-json\/wp\/v2\/pages\/1800","targetHints":{"allow":["GET"]}}],"collection":[{"href":"https:\/\/weisbruecke.com\/de\/wp-json\/wp\/v2\/pages"}],"about":[{"href":"https:\/\/weisbruecke.com\/de\/wp-json\/wp\/v2\/types\/page"}],"author":[{"embeddable":true,"href":"https:\/\/weisbruecke.com\/de\/wp-json\/wp\/v2\/users\/2"}],"replies":[{"embeddable":true,"href":"https:\/\/weisbruecke.com\/de\/wp-json\/wp\/v2\/comments?post=1800"}],"version-history":[{"count":6,"href":"https:\/\/weisbruecke.com\/de\/wp-json\/wp\/v2\/pages\/1800\/revisions"}],"predecessor-version":[{"id":3099,"href":"https:\/\/weisbruecke.com\/de\/wp-json\/wp\/v2\/pages\/1800\/revisions\/3099"}],"wp:attachment":[{"href":"https:\/\/weisbruecke.com\/de\/wp-json\/wp\/v2\/media?parent=1800"}],"curies":[{"name":"wp","href":"https:\/\/api.w.org\/{rel}","templated":true}]}}