{"id":1826,"date":"2015-10-22T15:31:25","date_gmt":"2015-10-22T07:31:25","guid":{"rendered":"https:\/\/weisbruecke.com\/leistungen\/factory-4-0\/"},"modified":"2020-03-28T19:59:20","modified_gmt":"2020-03-28T11:59:20","slug":"fabrik-4-0","status":"publish","type":"page","link":"https:\/\/weisbruecke.com\/de\/leistungen\/fabrik-4-0\/","title":{"rendered":"Fabrik 4.0"},"content":{"rendered":"<div   data-size='featured_large'  data-lightbox_size='large'  data-animation='fade'  data-conditional_play=''  data-ids='2350,2342,2346'  data-video_counter='0'  data-autoplay='true'  data-bg_slider='false'  data-slide_height=''  data-handle='av_slideshow'  data-interval='5'  data-class=' avia-builder-el-0  el_before_av_one_full  avia-builder-el-first  '  data-el_id=''  data-css_id=''  data-scroll_down=''  data-control_layout='av-control-hidden'  data-custom_markup=''  data-perma_caption=''  data-autoplay_stopper=''  data-image_attachment=''  data-min_height='0px'  data-default-height='42'  class='avia-slideshow avia-slideshow-1  av-control-hidden av-default-height-applied avia-slideshow-featured_large av_slideshow  avia-builder-el-0  el_before_av_one_full  avia-builder-el-first   avia-fade-slider '  itemprop=\"image\" itemscope=\"itemscope\" itemtype=\"https:\/\/schema.org\/ImageObject\" ><ul class='avia-slideshow-inner ' style='padding-bottom: 41.9161676647%;' ><li  class=' slide-1 ' ><div data-rel='slideshow-1' class='avia-slide-wrap '   ><img src='https:\/\/weisbruecke.com\/wp-content\/uploads\/2020\/03\/factory-4-0.jpg' width='835' height='350' title='factory-4-0' alt=''  itemprop=\"thumbnailUrl\"   \/><\/div><\/li><li  class=' slide-2 ' ><div data-rel='slideshow-1' class='avia-slide-wrap '   ><img src='https:\/\/weisbruecke.com\/wp-content\/uploads\/2020\/03\/factory-4-01.jpg' width='835' height='350' title='factory-4-01' alt=''  itemprop=\"thumbnailUrl\"   \/><\/div><\/li><li  class=' slide-3 ' ><div data-rel='slideshow-1' class='avia-slide-wrap '   ><img src='https:\/\/weisbruecke.com\/wp-content\/uploads\/2020\/03\/factory-4-02.jpg' width='835' height='350' title='factory-4-02' alt=''  itemprop=\"thumbnailUrl\"   \/><\/div><\/li><\/ul><div class='avia-slideshow-arrows avia-slideshow-controls'><a href='#prev' class='prev-slide' aria-hidden='true' data-av_icon='\ue87c' data-av_iconfont='entypo-fontello'>Zur\u00fcck<\/a><a href='#next' class='next-slide' aria-hidden='true' data-av_icon='\ue87d' data-av_iconfont='entypo-fontello'>Weiter<\/a><\/div><div class='avia-slideshow-dots avia-slideshow-controls'><a href='#1' class='goto-slide active' >1<\/a><a href='#2' class='goto-slide ' >2<\/a><a href='#3' class='goto-slide ' >3<\/a><\/div><\/div>\n<div class=\"flex_column av_one_full  av-animated-generic bottom-to-top  flex_column_div av-zero-column-padding first  avia-builder-el-1  el_after_av_slideshow  el_before_av_one_half  \" style='margin-top:0px; margin-bottom:0px; border-radius:0px; '><p><div  style='padding-bottom:0px; ' class='av-special-heading av-special-heading-h2  blockquote modern-quote  avia-builder-el-2  el_before_av_hr  avia-builder-el-first  '><h2 class='av-special-heading-tag '  itemprop=\"headline\"  >Fabrik 4.0<\/h2><div class='special-heading-border'><div class='special-heading-inner-border' ><\/div><\/div><\/div><br \/>\n<div  style=' margin-top:10px; margin-bottom:10px;'  class='hr hr-custom hr-left hr-icon-no   avia-builder-el-3  el_after_av_heading  avia-builder-el-last '><span class='hr-inner   inner-border-av-border-fat' style=' width:50px; border-color:#126e02;' ><span class='hr-inner-style'><\/span><\/span><\/div><\/p><\/div>\n<div class=\"flex_column av_one_half  av-animated-generic bottom-to-top  flex_column_div av-zero-column-padding first  avia-builder-el-4  el_after_av_one_full  el_before_av_one_half  column-top-margin\" style='margin-top:0px; margin-bottom:0px; border-radius:0px; '><section class=\"av_textblock_section \"  itemscope=\"itemscope\" itemtype=\"https:\/\/schema.org\/CreativeWork\" ><div class='avia_textblock  '   itemprop=\"text\" ><p>100% kontrollierte und automatisierte Fabrik.<\/p>\n<\/div><\/section><\/div>\n<div class=\"flex_column av_one_half  av-animated-generic bottom-to-top  flex_column_div av-zero-column-padding   avia-builder-el-6  el_after_av_one_half  el_before_av_one_full  column-top-margin\" style='margin-top:0px; margin-bottom:0px; border-radius:0px; '><section class=\"av_textblock_section \"  itemscope=\"itemscope\" itemtype=\"https:\/\/schema.org\/CreativeWork\" ><div class='avia_textblock  '   itemprop=\"text\" ><p>Integrieren Sie alle Ihre Systeme. Wissen Sie jede Sekunde, was wo los ist.<\/p>\n<\/div><\/section><\/div>\n<div class=\"flex_column av_one_full  av-animated-generic bottom-to-top  flex_column_div av-zero-column-padding first  avia-builder-el-8  el_after_av_one_half  el_before_av_one_half  column-top-margin\" style='border-radius:0px; '><div  class=\"togglecontainer   toggle_close_all  avia-builder-el-9  avia-builder-el-no-sibling \" >\n<section class=\"av_toggle_section\"  itemscope=\"itemscope\" itemtype=\"https:\/\/schema.org\/CreativeWork\"  >    <div class=\"single_toggle\" data-tags=\"{Alle} \"  >        <p data-fake-id=\"#toggle-id-1\" class=\"toggler activeTitle\"  itemprop=\"headline\"    role=\"tab\" tabindex=\"0\" aria-controls=\"toggle-id-1\">Was bedeutet das?<span class=\"toggle_icon\" >        <span class=\"vert_icon\"><\/span><span class=\"hor_icon\"><\/span><\/span><\/p>        <div id=\"toggle-id-1-container\" class=\"toggle_wrap active_tc\"  style='display:block;'>            <div class=\"toggle_content invers-color \"  itemprop=\"text\"   ><p>Sie haben viele individuelle Systeme verschiedene Hersteller f\u00fcr jeden Teil Ihrer Fabrik. Jedes ist unabh\u00e4ngig und steuert den Bereich, f\u00fcr den es erstellt wurde.<\/p>\n<p>Wir verbinden die einzelnen Komponenten Ihrer Fabrik \u00fcber eine einzige Steuereinheit. Sehen Sie in <strong>Echtzeit<\/strong> alles, was in Ihrer Fabrik vor sich geht.<\/p>\n            <\/div>        <\/div>    <\/div><\/section>\n<section class=\"av_toggle_section\"  itemscope=\"itemscope\" itemtype=\"https:\/\/schema.org\/CreativeWork\"  >    <div class=\"single_toggle\" data-tags=\"{Alle} \"  >        <p data-fake-id=\"#toggle-id-2\" class=\"toggler \"  itemprop=\"headline\"    role=\"tab\" tabindex=\"0\" aria-controls=\"toggle-id-2\">Beschreibung<span class=\"toggle_icon\" >        <span class=\"vert_icon\"><\/span><span class=\"hor_icon\"><\/span><\/span><\/p>        <div id=\"toggle-id-2-container\" class=\"toggle_wrap \"  >            <div class=\"toggle_content invers-color \"  itemprop=\"text\"   ><p>Jeder Messpunkt ist in das System integriert. Datenerfassung von vorhandenen Systemen und \/ oder neu installierten Sensoren. Die einzelnen Komponenten werden \u00fcber Software und Server in einem Gitterfeld miteinander verbunden. Die Daten werden in Echtzeit zur Verf\u00fcgung gestellt.<\/p>\n<p>Sie wissen immer genau, was passiert. Personal-, Lieferanten- und Besuchermanagement mit Zugriffsberechtigungen und Positionserkennung. Absolute Kontrolle der Maschinen &#8211; m\u00f6gliche Probleme k\u00f6nnen im Voraus erkannt und gemeldet werden. Der Techniker wird zur Maschine gerufen, bevor ein Fehler auftritt.<\/p>\n<p>Eine kontrollierte vorausschauende Wartung wird erm\u00f6glicht.<\/p>\n            <\/div>        <\/div>    <\/div><\/section>\n<section class=\"av_toggle_section\"  itemscope=\"itemscope\" itemtype=\"https:\/\/schema.org\/CreativeWork\"  >    <div class=\"single_toggle\" data-tags=\"{Alle} \"  >        <p data-fake-id=\"#toggle-id-3\" class=\"toggler \"  itemprop=\"headline\"    role=\"tab\" tabindex=\"0\" aria-controls=\"toggle-id-3\">Praktischer Nutzen<span class=\"toggle_icon\" >        <span class=\"vert_icon\"><\/span><span class=\"hor_icon\"><\/span><\/span><\/p>        <div id=\"toggle-id-3-container\" class=\"toggle_wrap \"  >            <div class=\"toggle_content invers-color \"  itemprop=\"text\"   ><p>Die Fabrik \u00fcberwacht sich selbst.<br \/>\nBeispiel: Gew\u00e4hren Sie Zugriffsrechte f\u00fcr Bereiche. Nur dieser Bereich ist dann zug\u00e4nglich. Finden Sie sofort heraus, wenn jemand versucht, woanders einzutreten.<br \/>\nMaschinen: Abweichungen von Parametern werden gemeldet und entsprechende Aktionen werden automatisch oder manuell ausgel\u00f6st. Sie wissen, wann sich ein Zustand \u00e4ndert, und k\u00f6nnen reagieren, bevor etwas Schlimmes passiert.<br \/>\nBewertung: Unterschiedliche Zugriffsebenen erm\u00f6glichen ausgew\u00e4hlte Informationen f\u00fcr die verschiedenen Berechtigungen.<\/p>\n            <\/div>        <\/div>    <\/div><\/section>\n<\/div><\/div>\n<div class=\"flex_column av_one_half  av-animated-generic bottom-to-top  flex_column_div av-zero-column-padding first  avia-builder-el-10  el_after_av_one_full  el_before_av_one_half  column-top-margin\" style='border-radius:0px; '><p><div  style='padding-bottom:0px; ' class='av-special-heading av-special-heading-h2  blockquote modern-quote  avia-builder-el-11  el_before_av_hr  avia-builder-el-first  '><h2 class='av-special-heading-tag '  itemprop=\"headline\"  >Ihr Vorteil<\/h2><div class='special-heading-border'><div class='special-heading-inner-border' ><\/div><\/div><\/div><br \/>\n<div  style=' margin-top:10px; margin-bottom:10px;'  class='hr hr-custom hr-left hr-icon-no   avia-builder-el-12  el_after_av_heading  el_before_av_textblock '><span class='hr-inner   inner-border-av-border-fat' style=' width:50px; border-color:#126e02;' ><span class='hr-inner-style'><\/span><\/span><\/div><br \/>\n<section class=\"av_textblock_section \"  itemscope=\"itemscope\" itemtype=\"https:\/\/schema.org\/CreativeWork\" ><div class='avia_textblock  '   itemprop=\"text\" ><p>Die Fabrik \u00fcberwacht sich selbst. Falsche Bedingungen werden aktiv verhindert.<\/p>\n<p>Unf\u00e4lle oder Fehlfunktionen sind nicht m\u00f6glich, wenn die Ger\u00e4te unabh\u00e4ngig voneinander \u00fcberpr\u00fcft werden.<\/p>\n<p>Vom Vorgesetzten bis zum Vorstandsmitglied.<\/p>\n<p><strong>Du wei\u00dft es zuerst.<\/strong><\/p>\n<\/div><\/section><\/p><\/div>\n<div class=\"flex_column av_one_half  av-animated-generic bottom-to-top  flex_column_div av-zero-column-padding   avia-builder-el-14  el_after_av_one_half  el_before_av_one_full  column-top-margin\" style='border-radius:0px; '><div  class='avia-image-container  av-styling-no-styling    avia-builder-el-15  avia-builder-el-no-sibling  avia-align-center '  itemprop=\"image\" itemscope=\"itemscope\" itemtype=\"https:\/\/schema.org\/ImageObject\"  ><div class='avia-image-container-inner'><div class='avia-image-overlay-wrap'><img class='avia_image' src='https:\/\/weisbruecke.com\/wp-content\/uploads\/2020\/02\/matrix-2953869_1920-Gerd-Altmann-auf-Pixabay-1.jpg' alt='' title='matrix-2953869_1920 Gerd Altmann auf Pixabay' height=\"1280\" width=\"1920\"  itemprop=\"thumbnailUrl\"  \/><\/div><\/div><\/div><\/div>\n<div class=\"flex_column av_one_full  av-animated-generic bottom-to-top  flex_column_div avia-link-column av-column-link first  avia-builder-el-16  el_after_av_one_half  avia-builder-el-last  column-top-margin\" style='background: #fcfcfc; border-width:1px; border-color:#e1e1e1; border-style:solid; padding:30px 20px 30px 20px ; background-color:#fcfcfc; border-radius:0px; ' data-link-column-url=\"https:\/\/weisbruecke.com\/contact\/\" ><a class=\"av-screen-reader-only\" href=https:\/\/weisbruecke.com\/contact\/ >Link zu:Contact<\/a><section class=\"av_textblock_section \"  itemscope=\"itemscope\" itemtype=\"https:\/\/schema.org\/CreativeWork\" ><div class='avia_textblock  '   itemprop=\"text\" ><h4 style=\"text-align: center;\">Bitte kontaktieren Sie uns f\u00fcr weitere Informationen<\/h4>\n<\/div><\/section><\/div>\n","protected":false},"excerpt":{"rendered":"","protected":false},"author":2,"featured_media":0,"parent":1800,"menu_order":3,"comment_status":"closed","ping_status":"closed","template":"","meta":{"footnotes":""},"class_list":["post-1826","page","type-page","status-publish","hentry"],"_links":{"self":[{"href":"https:\/\/weisbruecke.com\/de\/wp-json\/wp\/v2\/pages\/1826","targetHints":{"allow":["GET"]}}],"collection":[{"href":"https:\/\/weisbruecke.com\/de\/wp-json\/wp\/v2\/pages"}],"about":[{"href":"https:\/\/weisbruecke.com\/de\/wp-json\/wp\/v2\/types\/page"}],"author":[{"embeddable":true,"href":"https:\/\/weisbruecke.com\/de\/wp-json\/wp\/v2\/users\/2"}],"replies":[{"embeddable":true,"href":"https:\/\/weisbruecke.com\/de\/wp-json\/wp\/v2\/comments?post=1826"}],"version-history":[{"count":3,"href":"https:\/\/weisbruecke.com\/de\/wp-json\/wp\/v2\/pages\/1826\/revisions"}],"predecessor-version":[{"id":2352,"href":"https:\/\/weisbruecke.com\/de\/wp-json\/wp\/v2\/pages\/1826\/revisions\/2352"}],"up":[{"embeddable":true,"href":"https:\/\/weisbruecke.com\/de\/wp-json\/wp\/v2\/pages\/1800"}],"wp:attachment":[{"href":"https:\/\/weisbruecke.com\/de\/wp-json\/wp\/v2\/media?parent=1826"}],"curies":[{"name":"wp","href":"https:\/\/api.w.org\/{rel}","templated":true}]}}