{"id":1842,"date":"2019-12-05T10:36:13","date_gmt":"2019-12-05T02:36:13","guid":{"rendered":"https:\/\/weisbruecke.com\/leistungen\/work-safety\/"},"modified":"2020-04-28T18:00:29","modified_gmt":"2020-04-28T10:00:29","slug":"arbeitssicherheit","status":"publish","type":"page","link":"https:\/\/weisbruecke.com\/de\/leistungen\/arbeitssicherheit\/","title":{"rendered":"Arbeitssicherheit"},"content":{"rendered":"<div   data-size='featured_large'  data-lightbox_size='large'  data-animation='fade'  data-conditional_play=''  data-ids='2363,2371,2367'  data-video_counter='0'  data-autoplay='true'  data-bg_slider='false'  data-slide_height=''  data-handle='av_slideshow'  data-interval='5'  data-class=' avia-builder-el-0  el_before_av_one_full  avia-builder-el-first  '  data-el_id=''  data-css_id=''  data-scroll_down=''  data-control_layout='av-control-hidden'  data-custom_markup=''  data-perma_caption=''  data-autoplay_stopper=''  data-image_attachment=''  data-min_height='0px'  data-default-height='42'  class='avia-slideshow avia-slideshow-1  av-control-hidden av-default-height-applied avia-slideshow-featured_large av_slideshow  avia-builder-el-0  el_before_av_one_full  avia-builder-el-first   avia-fade-slider '  itemprop=\"image\" itemscope=\"itemscope\" itemtype=\"https:\/\/schema.org\/ImageObject\" ><ul class='avia-slideshow-inner ' style='padding-bottom: 41.9161676647%;' ><li  class=' slide-1 ' ><div data-rel='slideshow-1' class='avia-slide-wrap '   ><img src='https:\/\/weisbruecke.com\/wp-content\/uploads\/2020\/03\/work-safety1.jpg' width='835' height='350' title='work-safety1' alt=''  itemprop=\"thumbnailUrl\"   \/><\/div><\/li><li  class=' slide-2 ' ><div data-rel='slideshow-1' class='avia-slide-wrap '   ><img src='https:\/\/weisbruecke.com\/wp-content\/uploads\/2020\/03\/work-safety.jpg' width='835' height='350' title='work-safety' alt=''  itemprop=\"thumbnailUrl\"   \/><\/div><\/li><li  class=' slide-3 ' ><div data-rel='slideshow-1' class='avia-slide-wrap '   ><img src='https:\/\/weisbruecke.com\/wp-content\/uploads\/2020\/03\/work-safety2.jpg' width='835' height='350' title='work-safety2' alt=''  itemprop=\"thumbnailUrl\"   \/><\/div><\/li><\/ul><div class='avia-slideshow-arrows avia-slideshow-controls'><a href='#prev' class='prev-slide' aria-hidden='true' data-av_icon='\ue87c' data-av_iconfont='entypo-fontello'>Zur\u00fcck<\/a><a href='#next' class='next-slide' aria-hidden='true' data-av_icon='\ue87d' data-av_iconfont='entypo-fontello'>Weiter<\/a><\/div><div class='avia-slideshow-dots avia-slideshow-controls'><a href='#1' class='goto-slide active' >1<\/a><a href='#2' class='goto-slide ' >2<\/a><a href='#3' class='goto-slide ' >3<\/a><\/div><\/div>\n<div class=\"flex_column av_one_full  av-animated-generic bottom-to-top  flex_column_div av-zero-column-padding first  avia-builder-el-1  el_after_av_slideshow  el_before_av_one_half  \" style='margin-top:0px; margin-bottom:0px; border-radius:0px; '><p><div  style='padding-bottom:0px; ' class='av-special-heading av-special-heading-h2  blockquote modern-quote  avia-builder-el-2  el_before_av_hr  avia-builder-el-first  '><h2 class='av-special-heading-tag '  itemprop=\"headline\"  >Arbeitssicherheit<\/h2><div class='special-heading-border'><div class='special-heading-inner-border' ><\/div><\/div><\/div><br \/>\n<div  style=' margin-top:10px; margin-bottom:10px;'  class='hr hr-custom hr-left hr-icon-no   avia-builder-el-3  el_after_av_heading  avia-builder-el-last '><span class='hr-inner   inner-border-av-border-fat' style=' width:50px; border-color:#126e02;' ><span class='hr-inner-style'><\/span><\/span><\/div><\/p><\/div>\n<div class=\"flex_column av_one_half  av-animated-generic bottom-to-top  flex_column_div av-zero-column-padding first  avia-builder-el-4  el_after_av_one_full  el_before_av_one_half  column-top-margin\" style='margin-top:0px; margin-bottom:0px; border-radius:0px; '><section class=\"av_textblock_section \"  itemscope=\"itemscope\" itemtype=\"https:\/\/schema.org\/CreativeWork\" ><div class='avia_textblock  '   itemprop=\"text\" ><p>F\u00fcr die Fabrik, Mitarbeiter, Lieferanten, Besucher<\/p>\n<\/div><\/section><\/div>\n<div class=\"flex_column av_one_half  av-animated-generic bottom-to-top  flex_column_div av-zero-column-padding   avia-builder-el-6  el_after_av_one_half  el_before_av_one_full  column-top-margin\" style='margin-top:0px; margin-bottom:0px; border-radius:0px; '><section class=\"av_textblock_section \"  itemscope=\"itemscope\" itemtype=\"https:\/\/schema.org\/CreativeWork\" ><div class='avia_textblock  '   itemprop=\"text\" ><p>Pers\u00f6nliche Einzel- oder Gruppenausbildung<\/p>\n<\/div><\/section><\/div>\n<div class=\"flex_column av_one_full  av-animated-generic bottom-to-top  flex_column_div av-zero-column-padding first  avia-builder-el-8  el_after_av_one_half  el_before_av_one_half  column-top-margin\" style='border-radius:0px; '><div  class=\"togglecontainer   toggle_close_all  avia-builder-el-9  avia-builder-el-no-sibling \" >\n<section class=\"av_toggle_section\"  itemscope=\"itemscope\" itemtype=\"https:\/\/schema.org\/CreativeWork\"  >    <div class=\"single_toggle\" data-tags=\"{Alle} \"  >        <p data-fake-id=\"#toggle-id-1\" class=\"toggler activeTitle\"  itemprop=\"headline\"    role=\"tab\" tabindex=\"0\" aria-controls=\"toggle-id-1\">Die \"Gehe-nicht-in-das-Gef\u00e4ngnis-Karte\"<span class=\"toggle_icon\" >        <span class=\"vert_icon\"><\/span><span class=\"hor_icon\"><\/span><\/span><\/p>        <div id=\"toggle-id-1-container\" class=\"toggle_wrap active_tc\"  style='display:block;'>            <div class=\"toggle_content invers-color \"  itemprop=\"text\"   ><p>Sicherheitskonzepte, Sicherheitsmanagement &#8211; vom Arbeiter bis zum Vorstand.<\/p>\n<p>Unser einzigartiges Produkt:<br \/>\nDie &#8222;<strong>Gehe-nicht-in-das-Gef\u00e4ngnis-Karte<\/strong>&#8220; f\u00fcr verantwortliche Personen (Vorgesetzte, SiFa, GF, CEO).<\/p>\n<div class=\"post-content\" data-quote-type=\"Post\" data-quote-id=\"1019152769\">\n<div class=\"post-full\">\n<div class=\"paragraph\">K\u00f6nnen Sie sich vorstellen, dass eine Firma massiv gegen Sicherheitsvorschriften verst\u00f6\u00dft, es Unf\u00e4lle und Tote gibt, und der Gesch\u00e4ftsf\u00fchrung GAR NICHTS passiert?\u00a0 Andere verlieren Haus und Hof, gehen ins Gef\u00e4ngnis. Ja, hier in Deutschland.<br \/>\nEine entsprechende Vorbereitung, kann es Ihnen das Verm\u00f6gen und Leben retten.<br \/>\nGerne helfe ich Ihnen, damit Sie im Fall der F\u00e4lle nicht einmal eine Strafe zahlen m\u00fcssen.<br \/>\n<strong>Warten Sie nicht, bis es zu sp\u00e4t ist! <\/strong>Fragen Sie uns<strong> JETZT!<\/strong><\/div>\n<\/div>\n<\/div>\n            <\/div>        <\/div>    <\/div><\/section>\n<section class=\"av_toggle_section\"  itemscope=\"itemscope\" itemtype=\"https:\/\/schema.org\/CreativeWork\"  >    <div class=\"single_toggle\" data-tags=\"{Alle} \"  >        <p data-fake-id=\"#toggle-id-2\" class=\"toggler \"  itemprop=\"headline\"    role=\"tab\" tabindex=\"0\" aria-controls=\"toggle-id-2\">Arbeitsplatz<span class=\"toggle_icon\" >        <span class=\"vert_icon\"><\/span><span class=\"hor_icon\"><\/span><\/span><\/p>        <div id=\"toggle-id-2-container\" class=\"toggle_wrap \"  >            <div class=\"toggle_content invers-color \"  itemprop=\"text\"   ><p>Analyse der m\u00f6glichen Gefahren, Pr\u00e4vention, Verhaltensanweisungen bei Gefahr oder Unfall.<\/p>\n            <\/div>        <\/div>    <\/div><\/section>\n<section class=\"av_toggle_section\"  itemscope=\"itemscope\" itemtype=\"https:\/\/schema.org\/CreativeWork\"  >    <div class=\"single_toggle\" data-tags=\"{Alle} \"  >        <p data-fake-id=\"#toggle-id-3\" class=\"toggler \"  itemprop=\"headline\"    role=\"tab\" tabindex=\"0\" aria-controls=\"toggle-id-3\">Pers\u00f6nliche Schutzausr\u00fcstung<span class=\"toggle_icon\" >        <span class=\"vert_icon\"><\/span><span class=\"hor_icon\"><\/span><\/span><\/p>        <div id=\"toggle-id-3-container\" class=\"toggle_wrap \"  >            <div class=\"toggle_content invers-color \"  itemprop=\"text\"   ><p>Anleitung und \/ oder Schulung zur Auswahl, Verwendung und Wartung von pers\u00f6nlicher Schutzausr\u00fcstung.<\/p>\n            <\/div>        <\/div>    <\/div><\/section>\n<\/div><\/div><div class=\"flex_column av_one_half  av-animated-generic bottom-to-top  flex_column_div av-zero-column-padding first  avia-builder-el-10  el_after_av_one_full  el_before_av_one_half  column-top-margin\" style='border-radius:0px; '><p><div  style='padding-bottom:0px; ' class='av-special-heading av-special-heading-h2  blockquote modern-quote  avia-builder-el-11  el_before_av_hr  avia-builder-el-first  '><h2 class='av-special-heading-tag '  itemprop=\"headline\"  >Ihr Vorteil<\/h2><div class='special-heading-border'><div class='special-heading-inner-border' ><\/div><\/div><\/div><br \/>\n<div  style=' margin-top:10px; margin-bottom:10px;'  class='hr hr-custom hr-left hr-icon-no   avia-builder-el-12  el_after_av_heading  el_before_av_textblock '><span class='hr-inner   inner-border-av-border-fat' style=' width:50px; border-color:#126e02;' ><span class='hr-inner-style'><\/span><\/span><\/div><br \/>\n<section class=\"av_textblock_section \"  itemscope=\"itemscope\" itemtype=\"https:\/\/schema.org\/CreativeWork\" ><div class='avia_textblock  '   itemprop=\"text\" ><p>Unterst\u00fctzung Ihrer Spezialisten mit Erfahrung und dem \u201eBlick von au\u00dfen\u201c.<br \/>\nSicherer Betrieb Ihrer Produktionsst\u00e4tte.<\/p>\n<p>F\u00fcr Sie, Mitarbeiter, Familien, Beh\u00f6rden.<\/p>\n<\/div><\/section><\/p><\/div><\/p>\n<div class=\"flex_column av_one_half  av-animated-generic bottom-to-top  flex_column_div av-zero-column-padding   avia-builder-el-14  el_after_av_one_half  el_before_av_one_full  column-top-margin\" style='border-radius:0px; '><div  class='avia-image-container  av-styling-no-styling    avia-builder-el-15  avia-builder-el-no-sibling  avia-align-center '  itemprop=\"image\" itemscope=\"itemscope\" itemtype=\"https:\/\/schema.org\/ImageObject\"  ><div class='avia-image-container-inner'><div class='avia-image-overlay-wrap'><img class='avia_image' src='https:\/\/weisbruecke.com\/wp-content\/uploads\/2020\/02\/2020-02-22-20-33-54.jpg' alt='' title='2020-02-22 20 33 54' height=\"513\" width=\"1010\"  itemprop=\"thumbnailUrl\"  \/><\/div><\/div><\/div><\/div>\n<div class=\"flex_column av_one_full  av-animated-generic bottom-to-top  flex_column_div avia-link-column av-column-link first  avia-builder-el-16  el_after_av_one_half  avia-builder-el-last  column-top-margin\" style='background: #fcfcfc; border-width:1px; border-color:#e1e1e1; border-style:solid; padding:30px 20px 30px 20px ; background-color:#fcfcfc; border-radius:0px; ' data-link-column-url=\"https:\/\/weisbruecke.com\/contact\/\" ><a class=\"av-screen-reader-only\" href=https:\/\/weisbruecke.com\/contact\/ >Link zu:Contact<\/a><section class=\"av_textblock_section \"  itemscope=\"itemscope\" itemtype=\"https:\/\/schema.org\/CreativeWork\" ><div class='avia_textblock  '   itemprop=\"text\" ><h4 style=\"text-align: center;\">Bitte kontaktieren Sie uns f\u00fcr weitere Informationen<\/h4>\n<\/div><\/section><\/div>\n","protected":false},"excerpt":{"rendered":"","protected":false},"author":2,"featured_media":0,"parent":1800,"menu_order":3,"comment_status":"closed","ping_status":"closed","template":"","meta":{"footnotes":""},"class_list":["post-1842","page","type-page","status-publish","hentry"],"_links":{"self":[{"href":"https:\/\/weisbruecke.com\/de\/wp-json\/wp\/v2\/pages\/1842","targetHints":{"allow":["GET"]}}],"collection":[{"href":"https:\/\/weisbruecke.com\/de\/wp-json\/wp\/v2\/pages"}],"about":[{"href":"https:\/\/weisbruecke.com\/de\/wp-json\/wp\/v2\/types\/page"}],"author":[{"embeddable":true,"href":"https:\/\/weisbruecke.com\/de\/wp-json\/wp\/v2\/users\/2"}],"replies":[{"embeddable":true,"href":"https:\/\/weisbruecke.com\/de\/wp-json\/wp\/v2\/comments?post=1842"}],"version-history":[{"count":4,"href":"https:\/\/weisbruecke.com\/de\/wp-json\/wp\/v2\/pages\/1842\/revisions"}],"predecessor-version":[{"id":2911,"href":"https:\/\/weisbruecke.com\/de\/wp-json\/wp\/v2\/pages\/1842\/revisions\/2911"}],"up":[{"embeddable":true,"href":"https:\/\/weisbruecke.com\/de\/wp-json\/wp\/v2\/pages\/1800"}],"wp:attachment":[{"href":"https:\/\/weisbruecke.com\/de\/wp-json\/wp\/v2\/media?parent=1842"}],"curies":[{"name":"wp","href":"https:\/\/api.w.org\/{rel}","templated":true}]}}