{"id":1847,"date":"2019-12-05T10:37:49","date_gmt":"2019-12-05T02:37:49","guid":{"rendered":"https:\/\/weisbruecke.com\/leistungen\/china-germany\/"},"modified":"2020-06-05T02:11:29","modified_gmt":"2020-06-04T18:11:29","slug":"produkte-aus-deutschland","status":"publish","type":"page","link":"https:\/\/weisbruecke.com\/de\/leistungen\/produkte-aus-deutschland\/","title":{"rendered":"Produkte aus Deutschland"},"content":{"rendered":"<div   data-size='featured_large'  data-lightbox_size='large'  data-animation='fade'  data-conditional_play=''  data-ids='2400,2384,2392,2396'  data-video_counter='0'  data-autoplay='true'  data-bg_slider='false'  data-slide_height=''  data-handle='av_slideshow'  data-interval='5'  data-class=' avia-builder-el-0  el_before_av_one_full  avia-builder-el-first  '  data-el_id=''  data-css_id=''  data-scroll_down=''  data-control_layout='av-control-hidden'  data-custom_markup=''  data-perma_caption=''  data-autoplay_stopper=''  data-image_attachment=''  data-min_height='0px'  data-default-height='42'  class='avia-slideshow avia-slideshow-1  av-control-hidden av-default-height-applied avia-slideshow-featured_large av_slideshow  avia-builder-el-0  el_before_av_one_full  avia-builder-el-first   avia-fade-slider '  itemprop=\"image\" itemscope=\"itemscope\" itemtype=\"https:\/\/schema.org\/ImageObject\" ><ul class='avia-slideshow-inner ' style='padding-bottom: 41.9161676647%;' ><li  class=' slide-1 ' ><div data-rel='slideshow-1' class='avia-slide-wrap '   ><img src='https:\/\/weisbruecke.com\/wp-content\/uploads\/2020\/03\/china-germany.jpg' width='835' height='350' title='china-germany' alt=''  itemprop=\"thumbnailUrl\"   \/><\/div><\/li><li  class=' slide-2 ' ><div data-rel='slideshow-1' class='avia-slide-wrap '   ><img src='https:\/\/weisbruecke.com\/wp-content\/uploads\/2020\/03\/china-germany2.jpg' width='835' height='350' title='china-germany2' alt=''  itemprop=\"thumbnailUrl\"   \/><\/div><\/li><li  class=' slide-3 ' ><div data-rel='slideshow-1' class='avia-slide-wrap '   ><img src='https:\/\/weisbruecke.com\/wp-content\/uploads\/2020\/03\/china-germany4-1500x630.jpg' width='1500' height='630' title='china-germany4' alt=''  itemprop=\"thumbnailUrl\"   \/><\/div><\/li><li  class=' slide-4 ' ><div data-rel='slideshow-1' class='avia-slide-wrap '   ><img src='https:\/\/weisbruecke.com\/wp-content\/uploads\/2020\/03\/china-germany5.jpg' width='835' height='350' title='china-germany5' alt=''  itemprop=\"thumbnailUrl\"   \/><\/div><\/li><\/ul><div class='avia-slideshow-arrows avia-slideshow-controls'><a href='#prev' class='prev-slide' aria-hidden='true' data-av_icon='\ue87c' data-av_iconfont='entypo-fontello'>Zur\u00fcck<\/a><a href='#next' class='next-slide' aria-hidden='true' data-av_icon='\ue87d' data-av_iconfont='entypo-fontello'>Weiter<\/a><\/div><div class='avia-slideshow-dots avia-slideshow-controls'><a href='#1' class='goto-slide active' >1<\/a><a href='#2' class='goto-slide ' >2<\/a><a href='#3' class='goto-slide ' >3<\/a><a href='#4' class='goto-slide ' >4<\/a><\/div><\/div>\n<div class=\"flex_column av_one_full  av-animated-generic bottom-to-top  flex_column_div av-zero-column-padding first  avia-builder-el-1  el_after_av_slideshow  el_before_av_textblock  \" style='margin-top:0px; margin-bottom:0px; border-radius:0px; '><p><div  style='padding-bottom:0px; ' class='av-special-heading av-special-heading-h2  blockquote modern-quote  avia-builder-el-2  el_before_av_hr  avia-builder-el-first  '><h2 class='av-special-heading-tag '  itemprop=\"headline\"  >Produkte aus Deutschland<\/h2><div class='special-heading-border'><div class='special-heading-inner-border' ><\/div><\/div><\/div><br \/>\n<div  style=' margin-top:10px; margin-bottom:10px;'  class='hr hr-custom hr-left hr-icon-no   avia-builder-el-3  el_after_av_heading  avia-builder-el-last '><span class='hr-inner   inner-border-av-border-fat' style=' width:50px; border-color:#126e02;' ><span class='hr-inner-style'><\/span><\/span><\/div><\/p><\/div>\n<section class=\"av_textblock_section \"  itemscope=\"itemscope\" itemtype=\"https:\/\/schema.org\/CreativeWork\" ><div class='avia_textblock  '   itemprop=\"text\" ><p><strong>Sie<\/strong> m\u00f6chten Produkte aus Deutschland erhalten oder nach Deutschland liefern?<\/p>\n<p><strong>Informationen und Fragen:<\/strong> Wir unterst\u00fctzen das Abrufen und Weitergeben von Informationen &#8211; auf Deutsch, Chinesisch, Englisch. Besuche vor Ort zur Planung vor Ort, zur Prozessoptimierung und zur Fehlerbehebung.<\/p>\n<p><strong>Vertragsgestaltung:<\/strong> Unterst\u00fctzung bei Gesch\u00e4ftsbedingungen, Vertr\u00e4gen, Lieferbedingungen, Zahlung.<\/p>\n<p><strong>Probleme?:<\/strong> Unterst\u00fctzung bei kulturellen Barrieren, Missverst\u00e4ndnissen. Mediation, Probleml\u00f6sung.<\/p>\n<\/div><\/section>\n<div class=\"flex_column av_one_half  av-animated-generic bottom-to-top  flex_column_div av-zero-column-padding first  avia-builder-el-5  el_after_av_textblock  el_before_av_one_half  column-top-margin\" style='border-radius:0px; '><p><div  style='padding-bottom:0px; ' class='av-special-heading av-special-heading-h2  blockquote modern-quote  avia-builder-el-6  el_before_av_hr  avia-builder-el-first  '><h2 class='av-special-heading-tag '  itemprop=\"headline\"  >Ihr Vorteil<\/h2><div class='special-heading-border'><div class='special-heading-inner-border' ><\/div><\/div><\/div><br \/>\n<div  style=' margin-top:10px; margin-bottom:10px;'  class='hr hr-custom hr-left hr-icon-no   avia-builder-el-7  el_after_av_heading  el_before_av_textblock '><span class='hr-inner   inner-border-av-border-fat' style=' width:50px; border-color:#126e02;' ><span class='hr-inner-style'><\/span><\/span><\/div><br \/>\n<section class=\"av_textblock_section \"  itemscope=\"itemscope\" itemtype=\"https:\/\/schema.org\/CreativeWork\" ><div class='avia_textblock  '   itemprop=\"text\" ><p>Hilfe vor Ort, Verst\u00e4ndnis f\u00fcr die Sichtweisen beider Seiten.<\/p>\n<p>Das Ziel ist immer eine Win-Win-Situation.<\/p>\n<\/div><\/section><\/p><\/div>\n<div class=\"flex_column av_one_half  av-animated-generic bottom-to-top  flex_column_div av-zero-column-padding   avia-builder-el-9  el_after_av_one_half  el_before_av_hr  column-top-margin\" style='border-radius:0px; '><div  class='avia-image-container  av-styling-no-styling    avia-builder-el-10  avia-builder-el-no-sibling  avia-align-center '  itemprop=\"image\" itemscope=\"itemscope\" itemtype=\"https:\/\/schema.org\/ImageObject\"  ><div class='avia-image-container-inner'><div class='avia-image-overlay-wrap'><img class='avia_image' src='https:\/\/weisbruecke.com\/wp-content\/uploads\/2020\/02\/red-lantern-1202514_1920-Silentpilot-auf-Pixabay.jpg' alt='' title='red-lantern-1202514_1920 Silentpilot auf Pixabay' height=\"1080\" width=\"1920\"  itemprop=\"thumbnailUrl\"  \/><\/div><\/div><\/div><\/div>\n<div  style=' margin-top:20px; margin-bottom:20px;'  class='hr hr-custom hr-center hr-icon-no   avia-builder-el-11  el_after_av_one_half  el_before_av_one_full '><span class='hr-inner   inner-border-av-border-fat' style=' width:60%; border-color:#126e02;' ><span class='hr-inner-style'><\/span><\/span><\/div>\n<div class=\"flex_column av_one_full  av-animated-generic bottom-to-top  flex_column_div avia-link-column av-column-link first  avia-builder-el-12  el_after_av_hr  avia-builder-el-last  \" style='background: #fcfcfc; border-width:1px; border-color:#e1e1e1; border-style:solid; padding:30px 20px 30px 20px ; background-color:#fcfcfc; border-radius:0px; ' data-link-column-url=\"https:\/\/weisbruecke.com\/contact\/\" ><a class=\"av-screen-reader-only\" href=https:\/\/weisbruecke.com\/contact\/ >Link zu:Contact<\/a><section class=\"av_textblock_section \"  itemscope=\"itemscope\" itemtype=\"https:\/\/schema.org\/CreativeWork\" ><div class='avia_textblock  '   itemprop=\"text\" ><h4 style=\"text-align: center;\">Bitte kontaktieren Sie uns f\u00fcr weitere Informationen<\/h4>\n<\/div><\/section><\/div>\n","protected":false},"excerpt":{"rendered":"","protected":false},"author":2,"featured_media":0,"parent":1800,"menu_order":3,"comment_status":"closed","ping_status":"closed","template":"","meta":{"footnotes":""},"class_list":["post-1847","page","type-page","status-publish","hentry"],"_links":{"self":[{"href":"https:\/\/weisbruecke.com\/de\/wp-json\/wp\/v2\/pages\/1847","targetHints":{"allow":["GET"]}}],"collection":[{"href":"https:\/\/weisbruecke.com\/de\/wp-json\/wp\/v2\/pages"}],"about":[{"href":"https:\/\/weisbruecke.com\/de\/wp-json\/wp\/v2\/types\/page"}],"author":[{"embeddable":true,"href":"https:\/\/weisbruecke.com\/de\/wp-json\/wp\/v2\/users\/2"}],"replies":[{"embeddable":true,"href":"https:\/\/weisbruecke.com\/de\/wp-json\/wp\/v2\/comments?post=1847"}],"version-history":[{"count":7,"href":"https:\/\/weisbruecke.com\/de\/wp-json\/wp\/v2\/pages\/1847\/revisions"}],"predecessor-version":[{"id":3014,"href":"https:\/\/weisbruecke.com\/de\/wp-json\/wp\/v2\/pages\/1847\/revisions\/3014"}],"up":[{"embeddable":true,"href":"https:\/\/weisbruecke.com\/de\/wp-json\/wp\/v2\/pages\/1800"}],"wp:attachment":[{"href":"https:\/\/weisbruecke.com\/de\/wp-json\/wp\/v2\/media?parent=1847"}],"curies":[{"name":"wp","href":"https:\/\/api.w.org\/{rel}","templated":true}]}}